{"id":894,"date":"2022-01-12T18:49:35","date_gmt":"2022-01-12T21:49:35","guid":{"rendered":"https:\/\/mdcenergia.siteup.dev\/?page_id=894"},"modified":"2022-02-07T15:23:49","modified_gmt":"2022-02-07T18:23:49","slug":"publicacoes","status":"publish","type":"page","link":"https:\/\/mdcenergia.siteup.dev\/en\/publicacoes\/","title":{"rendered":"Reports"},"content":{"rendered":"\t\t<div data-elementor-type=\"wp-page\" data-elementor-id=\"894\" class=\"elementor elementor-894\">\n\t\t\t\t\t\t<div class=\"elementor-inner\">\n\t\t\t\t<div class=\"elementor-section-wrap\">\n\t\t\t\t\t\t\t\t\t<section class=\"has_ae_slider elementor-section elementor-top-section elementor-element elementor-element-72ef6e5 elementor-section-height-min-height elementor-section-boxed elementor-section-height-default elementor-section-items-middle ae-bg-gallery-type-default\" data-id=\"72ef6e5\" data-element_type=\"section\" data-settings=\"{&quot;background_background&quot;:&quot;classic&quot;,&quot;jet_parallax_layout_list&quot;:[{&quot;jet_parallax_layout_image&quot;:{&quot;url&quot;:&quot;&quot;,&quot;id&quot;:&quot;&quot;},&quot;_id&quot;:&quot;48c506d&quot;,&quot;jet_parallax_layout_image_tablet&quot;:{&quot;url&quot;:&quot;&quot;,&quot;id&quot;:&quot;&quot;},&quot;jet_parallax_layout_image_mobile&quot;:{&quot;url&quot;:&quot;&quot;,&quot;id&quot;:&quot;&quot;},&quot;jet_parallax_layout_speed&quot;:{&quot;unit&quot;:&quot;%&quot;,&quot;size&quot;:50,&quot;sizes&quot;:[]},&quot;jet_parallax_layout_type&quot;:&quot;scroll&quot;,&quot;jet_parallax_layout_direction&quot;:null,&quot;jet_parallax_layout_fx_direction&quot;:null,&quot;jet_parallax_layout_z_index&quot;:&quot;&quot;,&quot;jet_parallax_layout_bg_x&quot;:50,&quot;jet_parallax_layout_bg_x_tablet&quot;:&quot;&quot;,&quot;jet_parallax_layout_bg_x_mobile&quot;:&quot;&quot;,&quot;jet_parallax_layout_bg_y&quot;:50,&quot;jet_parallax_layout_bg_y_tablet&quot;:&quot;&quot;,&quot;jet_parallax_layout_bg_y_mobile&quot;:&quot;&quot;,&quot;jet_parallax_layout_bg_size&quot;:&quot;auto&quot;,&quot;jet_parallax_layout_bg_size_tablet&quot;:&quot;&quot;,&quot;jet_parallax_layout_bg_size_mobile&quot;:&quot;&quot;,&quot;jet_parallax_layout_animation_prop&quot;:&quot;transform&quot;,&quot;jet_parallax_layout_on&quot;:[&quot;desktop&quot;,&quot;tablet&quot;]}]}\">\n\t\t\t\t\t\t\t<div class=\"elementor-background-overlay\"><\/div>\n\t\t\t\t\t\t\t<div class=\"elementor-container elementor-column-gap-default\">\n\t\t\t\t\t\t\t<div class=\"elementor-row\">\n\t\t\t\t\t<div class=\"has_ae_slider elementor-column elementor-col-50 elementor-top-column elementor-element elementor-element-c06e311 ae-bg-gallery-type-default\" data-id=\"c06e311\" data-element_type=\"column\">\n\t\t\t<div class=\"elementor-column-wrap elementor-element-populated\">\n\t\t\t\t\t\t\t<div class=\"elementor-widget-wrap\">\n\t\t\t\t\t\t<div class=\"elementor-element elementor-element-625ecda elementor-widget elementor-widget-heading\" data-id=\"625ecda\" data-element_type=\"widget\" data-widget_type=\"heading.default\">\n\t\t\t\t<div class=\"elementor-widget-container\">\n\t\t\t<h1 class=\"elementor-heading-title elementor-size-default\">Publica\u00e7\u00f5es<\/h1>\t\t<\/div>\n\t\t\t\t<\/div>\n\t\t\t\t<div class=\"elementor-element elementor-element-454ed1c elementor-widget-divider--view-line elementor-widget elementor-widget-divider\" data-id=\"454ed1c\" data-element_type=\"widget\" data-widget_type=\"divider.default\">\n\t\t\t\t<div class=\"elementor-widget-container\">\n\t\t\t\t\t<div class=\"elementor-divider\">\n\t\t\t<span class=\"elementor-divider-separator\">\n\t\t\t\t\t\t<\/span>\n\t\t<\/div>\n\t\t\t\t<\/div>\n\t\t\t\t<\/div>\n\t\t\t\t<div class=\"elementor-element elementor-element-f1369fa elementor-widget elementor-widget-text-editor\" data-id=\"f1369fa\" data-element_type=\"widget\" data-widget_type=\"text-editor.default\">\n\t\t\t\t<div class=\"elementor-widget-container\">\n\t\t\t\t\t\t\t\t<div class=\"elementor-text-editor elementor-clearfix\">\n\t\t\t\t<p>Confira nossas principais publica\u00e7\u00f5es e boa leitura!\u00a0<\/p>\t\t\t\t\t<\/div>\n\t\t\t\t\t\t<\/div>\n\t\t\t\t<\/div>\n\t\t\t\t\t\t<\/div>\n\t\t\t\t\t<\/div>\n\t\t<\/div>\n\t\t\t\t<div class=\"has_ae_slider elementor-column elementor-col-50 elementor-top-column elementor-element elementor-element-37dfb30 ae-bg-gallery-type-default\" data-id=\"37dfb30\" data-element_type=\"column\">\n\t\t\t<div class=\"elementor-column-wrap\">\n\t\t\t\t\t\t\t<div class=\"elementor-widget-wrap\">\n\t\t\t\t\t\t\t\t<\/div>\n\t\t\t\t\t<\/div>\n\t\t<\/div>\n\t\t\t\t\t\t\t\t<\/div>\n\t\t\t\t\t<\/div>\n\t\t<\/section>\n\t\t\t\t<section class=\"has_ae_slider elementor-section elementor-top-section elementor-element elementor-element-5c88552 elementor-section-boxed elementor-section-height-default elementor-section-height-default ae-bg-gallery-type-default\" data-id=\"5c88552\" data-element_type=\"section\" data-settings=\"{&quot;jet_parallax_layout_list&quot;:[{&quot;jet_parallax_layout_image&quot;:{&quot;url&quot;:&quot;&quot;,&quot;id&quot;:&quot;&quot;},&quot;_id&quot;:&quot;6018e04&quot;,&quot;jet_parallax_layout_image_tablet&quot;:{&quot;url&quot;:&quot;&quot;,&quot;id&quot;:&quot;&quot;},&quot;jet_parallax_layout_image_mobile&quot;:{&quot;url&quot;:&quot;&quot;,&quot;id&quot;:&quot;&quot;},&quot;jet_parallax_layout_speed&quot;:{&quot;unit&quot;:&quot;%&quot;,&quot;size&quot;:50,&quot;sizes&quot;:[]},&quot;jet_parallax_layout_type&quot;:&quot;scroll&quot;,&quot;jet_parallax_layout_direction&quot;:null,&quot;jet_parallax_layout_fx_direction&quot;:null,&quot;jet_parallax_layout_z_index&quot;:&quot;&quot;,&quot;jet_parallax_layout_bg_x&quot;:50,&quot;jet_parallax_layout_bg_x_tablet&quot;:&quot;&quot;,&quot;jet_parallax_layout_bg_x_mobile&quot;:&quot;&quot;,&quot;jet_parallax_layout_bg_y&quot;:50,&quot;jet_parallax_layout_bg_y_tablet&quot;:&quot;&quot;,&quot;jet_parallax_layout_bg_y_mobile&quot;:&quot;&quot;,&quot;jet_parallax_layout_bg_size&quot;:&quot;auto&quot;,&quot;jet_parallax_layout_bg_size_tablet&quot;:&quot;&quot;,&quot;jet_parallax_layout_bg_size_mobile&quot;:&quot;&quot;,&quot;jet_parallax_layout_animation_prop&quot;:&quot;transform&quot;,&quot;jet_parallax_layout_on&quot;:[&quot;desktop&quot;,&quot;tablet&quot;]}]}\">\n\t\t\t\t\t\t<div class=\"elementor-container elementor-column-gap-default\">\n\t\t\t\t\t\t\t<div class=\"elementor-row\">\n\t\t\t\t\t<div class=\"has_ae_slider elementor-column elementor-col-100 elementor-top-column elementor-element elementor-element-48af77c ae-bg-gallery-type-default\" data-id=\"48af77c\" data-element_type=\"column\">\n\t\t\t<div class=\"elementor-column-wrap elementor-element-populated\">\n\t\t\t\t\t\t\t<div class=\"elementor-widget-wrap\">\n\t\t\t\t\t\t<div class=\"elementor-element elementor-element-c9ab5c3 elementor-widget elementor-widget-heading\" data-id=\"c9ab5c3\" data-element_type=\"widget\" data-widget_type=\"heading.default\">\n\t\t\t\t<div class=\"elementor-widget-container\">\n\t\t\t<h1 class=\"elementor-heading-title elementor-size-default\">Relat\u00f3rios e publica\u00e7\u00f5es da MDC<\/h1>\t\t<\/div>\n\t\t\t\t<\/div>\n\t\t\t\t<div class=\"elementor-element elementor-element-c4843fd ae-post-layout-grid elementor-widget elementor-widget-ae-post-blocks\" data-id=\"c4843fd\" data-element_type=\"widget\" data-settings=\"{&quot;columns&quot;:&quot;3&quot;,&quot;columns_tablet&quot;:&quot;2&quot;,&quot;columns_mobile&quot;:&quot;1&quot;}\" data-widget_type=\"ae-post-blocks.default\">\n\t\t\t\t<div class=\"elementor-widget-container\">\n\t\t\t\t\t\t\t\t<div class=\"ae-post-overlay\">\n\t\t\t\t<div class=\"ae-post-overlay-wrapper\">\n\t\t\t\t\t<div class=\"ae-post-overlay-icon\">\n\t\t\t\t\t\t<i aria-hidden=\"true\" class=\"fa fa-sync\"><\/i>\t\t\t\t\t<\/div>\n\t\t\t\t\t<div class=\"ae-post-overlay-text\">\n\t\t\t\t\t\tLoading...\t\t\t\t\t<\/div>\n\t\t\t\t<\/div>\n\t\t\t<\/div>\n\t\t\n\t\t\t\t\t\t\t\t<div data-pid=\"894\" data-wid=\"c4843fd\" data-source=\"publicacoes\" class=\"ae-post-widget-wrapper ae-masonry- ae-hpos- ae-vpos-\" data-disable_scroll_on_ajax_load=\"no\" data-pagination_scroll_top_offset=\"0\">\n\t\t\n\t\t\t\t<div class=\"ae-post-list-wrapper\">\n\t\t\t\n\t\t<article class=\"ae-post-list-item ae-post-list-item-c4843fd\">\n\t\t\t<div class=\"ae-article-inner\">\n\t\t\t\t\t\t\t\t<div class=\"ae_data elementor elementor-912\">\n\t\t\t\t\t\t\t\t\t\t\t<div data-elementor-type=\"wp-post\" data-elementor-id=\"912\" class=\"elementor elementor-912\">\n\t\t\t\t\t\t<div class=\"elementor-inner\">\n\t\t\t\t<div class=\"elementor-section-wrap\">\n\t\t\t\t\t\t\t\t\t<section class=\"has_ae_slider elementor-section elementor-top-section elementor-element elementor-element-edbe193 elementor-section-boxed elementor-section-height-default elementor-section-height-default ae-bg-gallery-type-default\" data-id=\"edbe193\" data-element_type=\"section\" data-settings=\"{&quot;jet_parallax_layout_list&quot;:[{&quot;jet_parallax_layout_image&quot;:{&quot;url&quot;:&quot;&quot;,&quot;id&quot;:&quot;&quot;},&quot;_id&quot;:&quot;04a93d1&quot;,&quot;jet_parallax_layout_image_tablet&quot;:{&quot;url&quot;:&quot;&quot;,&quot;id&quot;:&quot;&quot;},&quot;jet_parallax_layout_image_mobile&quot;:{&quot;url&quot;:&quot;&quot;,&quot;id&quot;:&quot;&quot;},&quot;jet_parallax_layout_speed&quot;:{&quot;unit&quot;:&quot;%&quot;,&quot;size&quot;:50,&quot;sizes&quot;:[]},&quot;jet_parallax_layout_type&quot;:&quot;scroll&quot;,&quot;jet_parallax_layout_direction&quot;:null,&quot;jet_parallax_layout_fx_direction&quot;:null,&quot;jet_parallax_layout_z_index&quot;:&quot;&quot;,&quot;jet_parallax_layout_bg_x&quot;:50,&quot;jet_parallax_layout_bg_x_tablet&quot;:&quot;&quot;,&quot;jet_parallax_layout_bg_x_mobile&quot;:&quot;&quot;,&quot;jet_parallax_layout_bg_y&quot;:50,&quot;jet_parallax_layout_bg_y_tablet&quot;:&quot;&quot;,&quot;jet_parallax_layout_bg_y_mobile&quot;:&quot;&quot;,&quot;jet_parallax_layout_bg_size&quot;:&quot;auto&quot;,&quot;jet_parallax_layout_bg_size_tablet&quot;:&quot;&quot;,&quot;jet_parallax_layout_bg_size_mobile&quot;:&quot;&quot;,&quot;jet_parallax_layout_animation_prop&quot;:&quot;transform&quot;,&quot;jet_parallax_layout_on&quot;:[&quot;desktop&quot;,&quot;tablet&quot;]}]}\">\n\t\t\t\t\t\t<div class=\"elementor-container elementor-column-gap-default\">\n\t\t\t\t\t\t\t<div class=\"elementor-row\">\n\t\t\t\t\t<div class=\"has_ae_slider elementor-column elementor-col-100 elementor-top-column elementor-element elementor-element-10fbc80 ae-bg-gallery-type-default\" data-id=\"10fbc80\" data-element_type=\"column\">\n\t\t\t<div class=\"elementor-column-wrap elementor-element-populated\">\n\t\t\t\t\t\t\t<div class=\"elementor-widget-wrap\">\n\t\t\t\t\t\t<div class=\"elementor-element elementor-element-922a829 overlay-never elementor-widget elementor-widget-ae-post-image\" data-id=\"922a829\" data-element_type=\"widget\" data-widget_type=\"ae-post-image.default\">\n\t\t\t\t<div class=\"elementor-widget-container\">\n\t\t\t\t\t\t<div class=\"ae-element-post-image ae-element-post-image\">\n\t\t\t\t<div class=\"ae_thumb_wrapper ae_image_ratio_yes\">\n\t\t\t\t\t\t\t\t\t\t\t<div class=\"ae-post-image\">\n\t\t\t\t\t\t\t\t\t\t\t\t\t\t<img width=\"768\" height=\"432\" src=\"https:\/\/mdcenergia.siteup.dev\/wp-content\/uploads\/2022\/01\/relatorio-sustentabilidade-2020-174439-768x432.jpg\" class=\"attachment-medium_large size-medium_large\" alt=\"relatorio sustentabilidade\" loading=\"lazy\" srcset=\"https:\/\/mdcenergia.siteup.dev\/wp-content\/uploads\/2022\/01\/relatorio-sustentabilidade-2020-174439-768x432.jpg 768w, https:\/\/mdcenergia.siteup.dev\/wp-content\/uploads\/2022\/01\/relatorio-sustentabilidade-2020-174439-300x169.jpg 300w, https:\/\/mdcenergia.siteup.dev\/wp-content\/uploads\/2022\/01\/relatorio-sustentabilidade-2020-174439.jpg 800w\" sizes=\"(max-width: 768px) 100vw, 768px\" \/>\t\t\t\t\t\t\t\t\t\t\t\t\t<\/div>\n\t\t\t\t\t\t\t\t\t\t\t<div class=\"ae-post-overlay\"><\/div>\n\t\t\t\t\t\t\t\t\t\t<\/div>\n\t\t\t<\/div>\n\t\t\t\t\t<\/div>\n\t\t\t\t<\/div>\n\t\t\t\t<div class=\"elementor-element elementor-element-b6e58fd elementor-widget elementor-widget-ae-post-title\" data-id=\"b6e58fd\" data-element_type=\"widget\" data-widget_type=\"ae-post-title.default\">\n\t\t\t\t<div class=\"elementor-widget-container\">\n\t\t\t<h2 itemprop=\"name\" class=\"ae-element-post-title\">Relat\u00f3rio de Sustentabilidade 2020<\/h2>\t\t<\/div>\n\t\t\t\t<\/div>\n\t\t\t\t<div class=\"elementor-element elementor-element-8c2ae82 elementor-widget elementor-widget-button\" data-id=\"8c2ae82\" data-element_type=\"widget\" data-widget_type=\"button.default\">\n\t\t\t\t<div class=\"elementor-widget-container\">\n\t\t\t\t\t<div class=\"elementor-button-wrapper\">\n\t\t\t<a href=\"https:\/\/mdcenergia.siteup.dev\/wp-content\/uploads\/2022\/01\/relatorio-mdc-v2-164211.pdf\" target=\"_blank\" class=\"elementor-button-link elementor-button elementor-size-sm\" role=\"button\">\n\t\t\t\t\t\t<span class=\"elementor-button-content-wrapper\">\n\t\t\t\t\t\t\t<span class=\"elementor-button-icon elementor-align-icon-left\">\n\t\t\t\t<svg xmlns=\"http:\/\/www.w3.org\/2000\/svg\" width=\"24\" height=\"24\" viewBox=\"0 0 24 24\" fill=\"none\"><path d=\"M12 19L12 5\" stroke=\"#030384\" stroke-width=\"1.5\" stroke-linecap=\"round\" stroke-linejoin=\"round\"><\/path><path d=\"M7 14L12 19\" stroke=\"#030384\" stroke-width=\"1.5\" stroke-linecap=\"round\" stroke-linejoin=\"round\"><\/path><path d=\"M17 14L12 19\" stroke=\"#030384\" stroke-width=\"1.5\" stroke-linecap=\"round\" stroke-linejoin=\"round\"><\/path><\/svg>\t\t\t<\/span>\n\t\t\t\t\t\t<span class=\"elementor-button-text\">Download<\/span>\n\t\t<\/span>\n\t\t\t\t\t<\/a>\n\t\t<\/div>\n\t\t\t\t<\/div>\n\t\t\t\t<\/div>\n\t\t\t\t\t\t<\/div>\n\t\t\t\t\t<\/div>\n\t\t<\/div>\n\t\t\t\t\t\t\t\t<\/div>\n\t\t\t\t\t<\/div>\n\t\t<\/section>\n\t\t\t\t\t\t\t\t\t<\/div>\n\t\t\t<\/div>\n\t\t\t\t\t<\/div>\n\t\t\t\t\t\t\t\t\t\t<\/div>\n\t\t\t\t\t\t\t<\/div>\n\t\t<\/article>\n\n\t\t\t\t<\/div>\n\t\t\t\t\n\n\n\t\t\n\t\t\t\t\t<\/div>\n\t\t\n\t\t\t\t<\/div>\n\t\t\t\t<\/div>\n\t\t\t\t\t\t<\/div>\n\t\t\t\t\t<\/div>\n\t\t<\/div>\n\t\t\t\t\t\t\t\t<\/div>\n\t\t\t\t\t<\/div>\n\t\t<\/section>\n\t\t\t\t\t\t\t\t\t<\/div>\n\t\t\t<\/div>\n\t\t\t\t\t<\/div>\n\t\t","protected":false},"excerpt":{"rendered":"<p>Publica\u00e7\u00f5es Confira nossas principais publica\u00e7\u00f5es e boa leitura!\u00a0 Relat\u00f3rios e publica\u00e7\u00f5es da MDC Loading&#8230; Relat\u00f3rio de Sustentabilidade 2020 Download<\/p>","protected":false},"author":2,"featured_media":0,"parent":0,"menu_order":0,"comment_status":"closed","ping_status":"closed","template":"","meta":[],"acf":[],"yoast_head":"<!-- This site is optimized with the Yoast SEO plugin v19.4 - https:\/\/yoast.com\/wordpress\/plugins\/seo\/ -->\n<title>Confira nossos relat\u00f3rios e publica\u00e7\u00f5es!<\/title>\n<meta name=\"description\" content=\"Baixe documentos como nossos Relat\u00f3rios de Sustentabilidade e conhe\u00e7a mais sobre a atua\u00e7\u00e3o da Companhia.\" \/>\n<meta name=\"robots\" content=\"noindex, follow, max-snippet:-1, max-image-preview:large, max-video-preview:-1\" \/>\n<meta property=\"og:locale\" content=\"en_US\" \/>\n<meta property=\"og:type\" content=\"article\" \/>\n<meta property=\"og:title\" content=\"Confira nossos relat\u00f3rios e publica\u00e7\u00f5es!\" \/>\n<meta property=\"og:description\" content=\"Baixe documentos como nossos Relat\u00f3rios de Sustentabilidade e conhe\u00e7a mais sobre a atua\u00e7\u00e3o da Companhia.\" \/>\n<meta property=\"og:url\" content=\"https:\/\/mdcenergia.siteup.dev\/en\/publicacoes\/\" \/>\n<meta property=\"og:site_name\" content=\"MDC - Energia - Holding\" \/>\n<meta property=\"article:modified_time\" content=\"2022-02-07T18:23:49+00:00\" \/>\n<meta property=\"og:image\" content=\"https:\/\/mdcenergia.siteup.dev\/wp-content\/uploads\/2022\/01\/relatorio-sustentabilidade-2020-174439-768x432.jpg\" \/>\n<meta name=\"twitter:card\" content=\"summary\" \/>\n<meta name=\"twitter:label1\" content=\"Est. reading time\" \/>\n\t<meta name=\"twitter:data1\" content=\"2 minutes\" \/>\n<script type=\"application\/ld+json\" class=\"yoast-schema-graph\">{\"@context\":\"https:\/\/schema.org\",\"@graph\":[{\"@type\":\"WebSite\",\"@id\":\"http:\/\/mdcenergia.siteup.dev\/#website\",\"url\":\"http:\/\/mdcenergia.siteup.dev\/\",\"name\":\"MDC - Energia - Holding\",\"description\":\"\",\"potentialAction\":[{\"@type\":\"SearchAction\",\"target\":{\"@type\":\"EntryPoint\",\"urlTemplate\":\"http:\/\/mdcenergia.siteup.dev\/?s={search_term_string}\"},\"query-input\":\"required name=search_term_string\"}],\"inLanguage\":\"en-US\"},{\"@type\":\"WebPage\",\"@id\":\"https:\/\/mdcenergia.siteup.dev\/publicacoes\/\",\"url\":\"https:\/\/mdcenergia.siteup.dev\/publicacoes\/\",\"name\":\"Confira nossos relat\u00f3rios e publica\u00e7\u00f5es!\",\"isPartOf\":{\"@id\":\"http:\/\/mdcenergia.siteup.dev\/#website\"},\"datePublished\":\"2022-01-12T21:49:35+00:00\",\"dateModified\":\"2022-02-07T18:23:49+00:00\",\"description\":\"Baixe documentos como nossos Relat\u00f3rios de Sustentabilidade e conhe\u00e7a mais sobre a atua\u00e7\u00e3o da Companhia.\",\"breadcrumb\":{\"@id\":\"https:\/\/mdcenergia.siteup.dev\/publicacoes\/#breadcrumb\"},\"inLanguage\":\"en-US\",\"potentialAction\":[{\"@type\":\"ReadAction\",\"target\":[\"https:\/\/mdcenergia.siteup.dev\/publicacoes\/\"]}]},{\"@type\":\"BreadcrumbList\",\"@id\":\"https:\/\/mdcenergia.siteup.dev\/publicacoes\/#breadcrumb\",\"itemListElement\":[{\"@type\":\"ListItem\",\"position\":1,\"name\":\"In\u00edcio\",\"item\":\"http:\/\/mdcenergia.siteup.dev\/\"},{\"@type\":\"ListItem\",\"position\":2,\"name\":\"Publica\u00e7\u00f5es\"}]}]}<\/script>\n<!-- \/ Yoast SEO plugin. -->","yoast_head_json":{"title":"Confira nossos relat\u00f3rios e publica\u00e7\u00f5es!","description":"Baixe documentos como nossos Relat\u00f3rios de Sustentabilidade e conhe\u00e7a mais sobre a atua\u00e7\u00e3o da Companhia.","robots":{"index":"noindex","follow":"follow","max-snippet":"max-snippet:-1","max-image-preview":"max-image-preview:large","max-video-preview":"max-video-preview:-1"},"og_locale":"en_US","og_type":"article","og_title":"Confira nossos relat\u00f3rios e publica\u00e7\u00f5es!","og_description":"Baixe documentos como nossos Relat\u00f3rios de Sustentabilidade e conhe\u00e7a mais sobre a atua\u00e7\u00e3o da Companhia.","og_url":"https:\/\/mdcenergia.siteup.dev\/en\/publicacoes\/","og_site_name":"MDC - Energia - Holding","article_modified_time":"2022-02-07T18:23:49+00:00","og_image":[{"url":"https:\/\/mdcenergia.siteup.dev\/wp-content\/uploads\/2022\/01\/relatorio-sustentabilidade-2020-174439-768x432.jpg"}],"twitter_card":"summary","twitter_misc":{"Est. reading time":"2 minutes"},"schema":{"@context":"https:\/\/schema.org","@graph":[{"@type":"WebSite","@id":"http:\/\/mdcenergia.siteup.dev\/#website","url":"http:\/\/mdcenergia.siteup.dev\/","name":"MDC - Energia - Holding","description":"","potentialAction":[{"@type":"SearchAction","target":{"@type":"EntryPoint","urlTemplate":"http:\/\/mdcenergia.siteup.dev\/?s={search_term_string}"},"query-input":"required name=search_term_string"}],"inLanguage":"en-US"},{"@type":"WebPage","@id":"https:\/\/mdcenergia.siteup.dev\/publicacoes\/","url":"https:\/\/mdcenergia.siteup.dev\/publicacoes\/","name":"Confira nossos relat\u00f3rios e publica\u00e7\u00f5es!","isPartOf":{"@id":"http:\/\/mdcenergia.siteup.dev\/#website"},"datePublished":"2022-01-12T21:49:35+00:00","dateModified":"2022-02-07T18:23:49+00:00","description":"Baixe documentos como nossos Relat\u00f3rios de Sustentabilidade e conhe\u00e7a mais sobre a atua\u00e7\u00e3o da Companhia.","breadcrumb":{"@id":"https:\/\/mdcenergia.siteup.dev\/publicacoes\/#breadcrumb"},"inLanguage":"en-US","potentialAction":[{"@type":"ReadAction","target":["https:\/\/mdcenergia.siteup.dev\/publicacoes\/"]}]},{"@type":"BreadcrumbList","@id":"https:\/\/mdcenergia.siteup.dev\/publicacoes\/#breadcrumb","itemListElement":[{"@type":"ListItem","position":1,"name":"In\u00edcio","item":"http:\/\/mdcenergia.siteup.dev\/"},{"@type":"ListItem","position":2,"name":"Publica\u00e7\u00f5es"}]}]}},"_links":{"self":[{"href":"https:\/\/mdcenergia.siteup.dev\/en\/wp-json\/wp\/v2\/pages\/894"}],"collection":[{"href":"https:\/\/mdcenergia.siteup.dev\/en\/wp-json\/wp\/v2\/pages"}],"about":[{"href":"https:\/\/mdcenergia.siteup.dev\/en\/wp-json\/wp\/v2\/types\/page"}],"author":[{"embeddable":true,"href":"https:\/\/mdcenergia.siteup.dev\/en\/wp-json\/wp\/v2\/users\/2"}],"replies":[{"embeddable":true,"href":"https:\/\/mdcenergia.siteup.dev\/en\/wp-json\/wp\/v2\/comments?post=894"}],"version-history":[{"count":3,"href":"https:\/\/mdcenergia.siteup.dev\/en\/wp-json\/wp\/v2\/pages\/894\/revisions"}],"predecessor-version":[{"id":1816,"href":"https:\/\/mdcenergia.siteup.dev\/en\/wp-json\/wp\/v2\/pages\/894\/revisions\/1816"}],"wp:attachment":[{"href":"https:\/\/mdcenergia.siteup.dev\/en\/wp-json\/wp\/v2\/media?parent=894"}],"curies":[{"name":"wp","href":"https:\/\/api.w.org\/{rel}","templated":true}]}}