{"id":838,"date":"2022-01-12T18:15:37","date_gmt":"2022-01-12T21:15:37","guid":{"rendered":"https:\/\/mdcenergia.siteup.dev\/?page_id=838"},"modified":"2022-02-07T15:24:10","modified_gmt":"2022-02-07T18:24:10","slug":"noticias","status":"publish","type":"page","link":"https:\/\/mdcenergia.siteup.dev\/en\/noticias\/","title":{"rendered":"News"},"content":{"rendered":"\t\t<div data-elementor-type=\"wp-page\" data-elementor-id=\"838\" class=\"elementor elementor-838\">\n\t\t\t\t\t\t<div class=\"elementor-inner\">\n\t\t\t\t<div class=\"elementor-section-wrap\">\n\t\t\t\t\t\t\t\t\t<section class=\"has_ae_slider elementor-section elementor-top-section elementor-element elementor-element-c9cb5d2 elementor-section-height-min-height elementor-section-boxed elementor-section-height-default elementor-section-items-middle ae-bg-gallery-type-default\" data-id=\"c9cb5d2\" data-element_type=\"section\" data-settings=\"{&quot;background_background&quot;:&quot;classic&quot;,&quot;jet_parallax_layout_list&quot;:[{&quot;jet_parallax_layout_image&quot;:{&quot;url&quot;:&quot;&quot;,&quot;id&quot;:&quot;&quot;},&quot;_id&quot;:&quot;48c506d&quot;,&quot;jet_parallax_layout_image_tablet&quot;:{&quot;url&quot;:&quot;&quot;,&quot;id&quot;:&quot;&quot;},&quot;jet_parallax_layout_image_mobile&quot;:{&quot;url&quot;:&quot;&quot;,&quot;id&quot;:&quot;&quot;},&quot;jet_parallax_layout_speed&quot;:{&quot;unit&quot;:&quot;%&quot;,&quot;size&quot;:50,&quot;sizes&quot;:[]},&quot;jet_parallax_layout_type&quot;:&quot;scroll&quot;,&quot;jet_parallax_layout_direction&quot;:null,&quot;jet_parallax_layout_fx_direction&quot;:null,&quot;jet_parallax_layout_z_index&quot;:&quot;&quot;,&quot;jet_parallax_layout_bg_x&quot;:50,&quot;jet_parallax_layout_bg_x_tablet&quot;:&quot;&quot;,&quot;jet_parallax_layout_bg_x_mobile&quot;:&quot;&quot;,&quot;jet_parallax_layout_bg_y&quot;:50,&quot;jet_parallax_layout_bg_y_tablet&quot;:&quot;&quot;,&quot;jet_parallax_layout_bg_y_mobile&quot;:&quot;&quot;,&quot;jet_parallax_layout_bg_size&quot;:&quot;auto&quot;,&quot;jet_parallax_layout_bg_size_tablet&quot;:&quot;&quot;,&quot;jet_parallax_layout_bg_size_mobile&quot;:&quot;&quot;,&quot;jet_parallax_layout_animation_prop&quot;:&quot;transform&quot;,&quot;jet_parallax_layout_on&quot;:[&quot;desktop&quot;,&quot;tablet&quot;]}]}\">\n\t\t\t\t\t\t\t<div class=\"elementor-background-overlay\"><\/div>\n\t\t\t\t\t\t\t<div class=\"elementor-container elementor-column-gap-default\">\n\t\t\t\t\t\t\t<div class=\"elementor-row\">\n\t\t\t\t\t<div class=\"has_ae_slider elementor-column elementor-col-50 elementor-top-column elementor-element elementor-element-ed423f9 ae-bg-gallery-type-default\" data-id=\"ed423f9\" data-element_type=\"column\">\n\t\t\t<div class=\"elementor-column-wrap elementor-element-populated\">\n\t\t\t\t\t\t\t<div class=\"elementor-widget-wrap\">\n\t\t\t\t\t\t<div class=\"elementor-element elementor-element-02864a4 elementor-widget elementor-widget-heading\" data-id=\"02864a4\" data-element_type=\"widget\" data-widget_type=\"heading.default\">\n\t\t\t\t<div class=\"elementor-widget-container\">\n\t\t\t<h1 class=\"elementor-heading-title elementor-size-default\">Not\u00edcias sobre a MDC<\/h1>\t\t<\/div>\n\t\t\t\t<\/div>\n\t\t\t\t<div class=\"elementor-element elementor-element-8b9762c elementor-widget-divider--view-line elementor-widget elementor-widget-divider\" data-id=\"8b9762c\" data-element_type=\"widget\" data-widget_type=\"divider.default\">\n\t\t\t\t<div class=\"elementor-widget-container\">\n\t\t\t\t\t<div class=\"elementor-divider\">\n\t\t\t<span class=\"elementor-divider-separator\">\n\t\t\t\t\t\t<\/span>\n\t\t<\/div>\n\t\t\t\t<\/div>\n\t\t\t\t<\/div>\n\t\t\t\t<div class=\"elementor-element elementor-element-531551b elementor-widget elementor-widget-text-editor\" data-id=\"531551b\" data-element_type=\"widget\" data-widget_type=\"text-editor.default\">\n\t\t\t\t<div class=\"elementor-widget-container\">\n\t\t\t\t\t\t\t\t<div class=\"elementor-text-editor elementor-clearfix\">\n\t\t\t\t<p>Confira abaixo as principais novidades sobre a MDC e as empresas do grupo!\u00a0<\/p>\t\t\t\t\t<\/div>\n\t\t\t\t\t\t<\/div>\n\t\t\t\t<\/div>\n\t\t\t\t\t\t<\/div>\n\t\t\t\t\t<\/div>\n\t\t<\/div>\n\t\t\t\t<div class=\"has_ae_slider elementor-column elementor-col-50 elementor-top-column elementor-element elementor-element-cd31e22 ae-bg-gallery-type-default\" data-id=\"cd31e22\" data-element_type=\"column\">\n\t\t\t<div class=\"elementor-column-wrap\">\n\t\t\t\t\t\t\t<div class=\"elementor-widget-wrap\">\n\t\t\t\t\t\t\t\t<\/div>\n\t\t\t\t\t<\/div>\n\t\t<\/div>\n\t\t\t\t\t\t\t\t<\/div>\n\t\t\t\t\t<\/div>\n\t\t<\/section>\n\t\t\t\t<section class=\"has_ae_slider elementor-section elementor-top-section elementor-element elementor-element-e98e879 elementor-section-boxed elementor-section-height-default elementor-section-height-default ae-bg-gallery-type-default\" data-id=\"e98e879\" data-element_type=\"section\" data-settings=\"{&quot;jet_parallax_layout_list&quot;:[{&quot;jet_parallax_layout_image&quot;:{&quot;url&quot;:&quot;&quot;,&quot;id&quot;:&quot;&quot;},&quot;_id&quot;:&quot;ba36358&quot;,&quot;jet_parallax_layout_image_tablet&quot;:{&quot;url&quot;:&quot;&quot;,&quot;id&quot;:&quot;&quot;},&quot;jet_parallax_layout_image_mobile&quot;:{&quot;url&quot;:&quot;&quot;,&quot;id&quot;:&quot;&quot;},&quot;jet_parallax_layout_speed&quot;:{&quot;unit&quot;:&quot;%&quot;,&quot;size&quot;:50,&quot;sizes&quot;:[]},&quot;jet_parallax_layout_type&quot;:&quot;scroll&quot;,&quot;jet_parallax_layout_direction&quot;:null,&quot;jet_parallax_layout_fx_direction&quot;:null,&quot;jet_parallax_layout_z_index&quot;:&quot;&quot;,&quot;jet_parallax_layout_bg_x&quot;:50,&quot;jet_parallax_layout_bg_x_tablet&quot;:&quot;&quot;,&quot;jet_parallax_layout_bg_x_mobile&quot;:&quot;&quot;,&quot;jet_parallax_layout_bg_y&quot;:50,&quot;jet_parallax_layout_bg_y_tablet&quot;:&quot;&quot;,&quot;jet_parallax_layout_bg_y_mobile&quot;:&quot;&quot;,&quot;jet_parallax_layout_bg_size&quot;:&quot;auto&quot;,&quot;jet_parallax_layout_bg_size_tablet&quot;:&quot;&quot;,&quot;jet_parallax_layout_bg_size_mobile&quot;:&quot;&quot;,&quot;jet_parallax_layout_animation_prop&quot;:&quot;transform&quot;,&quot;jet_parallax_layout_on&quot;:[&quot;desktop&quot;,&quot;tablet&quot;]}]}\">\n\t\t\t\t\t\t<div class=\"elementor-container elementor-column-gap-default\">\n\t\t\t\t\t\t\t<div class=\"elementor-row\">\n\t\t\t\t\t<div class=\"has_ae_slider elementor-column elementor-col-100 elementor-top-column elementor-element elementor-element-3cdfeed ae-bg-gallery-type-default\" data-id=\"3cdfeed\" data-element_type=\"column\">\n\t\t\t<div class=\"elementor-column-wrap elementor-element-populated\">\n\t\t\t\t\t\t\t<div class=\"elementor-widget-wrap\">\n\t\t\t\t\t\t<div class=\"elementor-element elementor-element-49c8a11 elementor-widget elementor-widget-heading\" data-id=\"49c8a11\" data-element_type=\"widget\" data-widget_type=\"heading.default\">\n\t\t\t\t<div class=\"elementor-widget-container\">\n\t\t\t<h2 class=\"elementor-heading-title elementor-size-default\">\u00daltimas not\u00edcias<\/h2>\t\t<\/div>\n\t\t\t\t<\/div>\n\t\t\t\t<div class=\"elementor-element elementor-element-4ca853a elementor-grid-3 elementor-grid-tablet-2 elementor-grid-mobile-1 elementor-posts--thumbnail-top elementor-posts__hover-gradient elementor-widget elementor-widget-posts\" data-id=\"4ca853a\" data-element_type=\"widget\" data-settings=\"{&quot;pagination_type&quot;:&quot;numbers_and_prev_next&quot;,&quot;cards_columns&quot;:&quot;3&quot;,&quot;cards_columns_tablet&quot;:&quot;2&quot;,&quot;cards_columns_mobile&quot;:&quot;1&quot;,&quot;cards_row_gap&quot;:{&quot;unit&quot;:&quot;px&quot;,&quot;size&quot;:35,&quot;sizes&quot;:[]},&quot;cards_row_gap_tablet&quot;:{&quot;unit&quot;:&quot;px&quot;,&quot;size&quot;:&quot;&quot;,&quot;sizes&quot;:[]},&quot;cards_row_gap_mobile&quot;:{&quot;unit&quot;:&quot;px&quot;,&quot;size&quot;:&quot;&quot;,&quot;sizes&quot;:[]}}\" data-widget_type=\"posts.cards\">\n\t\t\t\t<div class=\"elementor-widget-container\">\n\t\t\t\t\t<div class=\"elementor-posts-container elementor-posts elementor-posts--skin-cards elementor-grid\">\n\t\t\t\t<article class=\"elementor-post elementor-grid-item post-1729 post type-post status-publish format-standard has-post-thumbnail hentry category-uncategorized\">\n\t\t\t<div class=\"elementor-post__card\">\n\t\t\t\t<a class=\"elementor-post__thumbnail__link\" href=\"https:\/\/mdcenergia.siteup.dev\/en\/a-estrategia-asg-esta-integrada-a-essencia-da-mdc-confira-mais-sobre-os-projetos-sociais-que-apoiamos\/\" ><div class=\"elementor-post__thumbnail\"><img width=\"768\" height=\"511\" src=\"https:\/\/mdcenergia.siteup.dev\/wp-content\/uploads\/2022\/01\/energia-renovavel-2-192721-768x511.jpg\" class=\"attachment-medium_large size-medium_large\" alt=\"energia renovavel\" loading=\"lazy\" srcset=\"https:\/\/mdcenergia.siteup.dev\/wp-content\/uploads\/2022\/01\/energia-renovavel-2-192721-768x511.jpg 768w, https:\/\/mdcenergia.siteup.dev\/wp-content\/uploads\/2022\/01\/energia-renovavel-2-192721-300x200.jpg 300w, https:\/\/mdcenergia.siteup.dev\/wp-content\/uploads\/2022\/01\/energia-renovavel-2-192721.jpg 1000w\" sizes=\"(max-width: 768px) 100vw, 768px\" \/><\/div><\/a>\n\t\t\t\t<div class=\"elementor-post__text\">\n\t\t\t\t<h3 class=\"elementor-post__title\">\n\t\t\t<a href=\"https:\/\/mdcenergia.siteup.dev\/en\/a-estrategia-asg-esta-integrada-a-essencia-da-mdc-confira-mais-sobre-os-projetos-sociais-que-apoiamos\/\" >\n\t\t\t\tA estrat\u00e9gia ASG est\u00e1 integrada \u00e0 ess\u00eancia da MDC. Confira mais sobre os projetos sociais que apoiamos\t\t\t<\/a>\n\t\t<\/h3>\n\t\t\n\t\t<a class=\"elementor-post__read-more\" href=\"https:\/\/mdcenergia.siteup.dev\/en\/a-estrategia-asg-esta-integrada-a-essencia-da-mdc-confira-mais-sobre-os-projetos-sociais-que-apoiamos\/\" >\n\t\t\tLeia\t\t<\/a>\n\n\t\t\t\t<\/div>\n\t\t\t\t\t<\/div>\n\t\t<\/article>\n\t\t\t\t<article class=\"elementor-post elementor-grid-item post-1725 post type-post status-publish format-standard has-post-thumbnail hentry category-uncategorized\">\n\t\t\t<div class=\"elementor-post__card\">\n\t\t\t\t<a class=\"elementor-post__thumbnail__link\" href=\"https:\/\/mdcenergia.siteup.dev\/en\/saiu-na-imprensa-confira-fala-de-manuela-kayath-presidente-da-mdc-em-materia-do-portal-um-so-planeta\/\" ><div class=\"elementor-post__thumbnail\"><img width=\"768\" height=\"576\" src=\"https:\/\/mdcenergia.siteup.dev\/wp-content\/uploads\/2022\/01\/energia-renovavel-3-192724-768x576.jpg\" class=\"attachment-medium_large size-medium_large\" alt=\"energia renovavel\" loading=\"lazy\" srcset=\"https:\/\/mdcenergia.siteup.dev\/wp-content\/uploads\/2022\/01\/energia-renovavel-3-192724-768x576.jpg 768w, https:\/\/mdcenergia.siteup.dev\/wp-content\/uploads\/2022\/01\/energia-renovavel-3-192724-300x225.jpg 300w, https:\/\/mdcenergia.siteup.dev\/wp-content\/uploads\/2022\/01\/energia-renovavel-3-192724.jpg 1000w\" sizes=\"(max-width: 768px) 100vw, 768px\" \/><\/div><\/a>\n\t\t\t\t<div class=\"elementor-post__text\">\n\t\t\t\t<h3 class=\"elementor-post__title\">\n\t\t\t<a href=\"https:\/\/mdcenergia.siteup.dev\/en\/saiu-na-imprensa-confira-fala-de-manuela-kayath-presidente-da-mdc-em-materia-do-portal-um-so-planeta\/\" >\n\t\t\t\tSaiu na imprensa | Confira fala de Manuela Kayath, presidente da MDC, em mat\u00e9ria do portal Um S\u00f3 Planeta\t\t\t<\/a>\n\t\t<\/h3>\n\t\t\n\t\t<a class=\"elementor-post__read-more\" href=\"https:\/\/mdcenergia.siteup.dev\/en\/saiu-na-imprensa-confira-fala-de-manuela-kayath-presidente-da-mdc-em-materia-do-portal-um-so-planeta\/\" >\n\t\t\tLeia\t\t<\/a>\n\n\t\t\t\t<\/div>\n\t\t\t\t\t<\/div>\n\t\t<\/article>\n\t\t\t\t<article class=\"elementor-post elementor-grid-item post-1722 post type-post status-publish format-standard has-post-thumbnail hentry category-uncategorized\">\n\t\t\t<div class=\"elementor-post__card\">\n\t\t\t\t<a class=\"elementor-post__thumbnail__link\" href=\"https:\/\/mdcenergia.siteup.dev\/en\/mdc-vem-fortalecendo-cada-vez-mais-a-cultura-de-inovacao-nas-areas-corporativas-e-operacionais\/\" ><div class=\"elementor-post__thumbnail\"><img width=\"768\" height=\"508\" src=\"https:\/\/mdcenergia.siteup.dev\/wp-content\/uploads\/2022\/01\/energia-renovavel-1-192728-768x508.jpg\" class=\"attachment-medium_large size-medium_large\" alt=\"energia renovavel\" loading=\"lazy\" srcset=\"https:\/\/mdcenergia.siteup.dev\/wp-content\/uploads\/2022\/01\/energia-renovavel-1-192728-768x508.jpg 768w, https:\/\/mdcenergia.siteup.dev\/wp-content\/uploads\/2022\/01\/energia-renovavel-1-192728-300x199.jpg 300w, https:\/\/mdcenergia.siteup.dev\/wp-content\/uploads\/2022\/01\/energia-renovavel-1-192728.jpg 1000w\" sizes=\"(max-width: 768px) 100vw, 768px\" \/><\/div><\/a>\n\t\t\t\t<div class=\"elementor-post__text\">\n\t\t\t\t<h3 class=\"elementor-post__title\">\n\t\t\t<a href=\"https:\/\/mdcenergia.siteup.dev\/en\/mdc-vem-fortalecendo-cada-vez-mais-a-cultura-de-inovacao-nas-areas-corporativas-e-operacionais\/\" >\n\t\t\t\tMDC vem fortalecendo cada vez mais a cultura de inova\u00e7\u00e3o nas \u00e1reas corporativas e operacionais\t\t\t<\/a>\n\t\t<\/h3>\n\t\t\n\t\t<a class=\"elementor-post__read-more\" href=\"https:\/\/mdcenergia.siteup.dev\/en\/mdc-vem-fortalecendo-cada-vez-mais-a-cultura-de-inovacao-nas-areas-corporativas-e-operacionais\/\" >\n\t\t\tLeia\t\t<\/a>\n\n\t\t\t\t<\/div>\n\t\t\t\t\t<\/div>\n\t\t<\/article>\n\t\t\t\t<\/div>\n\n\n\t\t\n\t\t\t\t<\/div>\n\t\t\t\t<\/div>\n\t\t\t\t\t\t<\/div>\n\t\t\t\t\t<\/div>\n\t\t<\/div>\n\t\t\t\t\t\t\t\t<\/div>\n\t\t\t\t\t<\/div>\n\t\t<\/section>\n\t\t\t\t\t\t\t\t\t<\/div>\n\t\t\t<\/div>\n\t\t\t\t\t<\/div>\n\t\t","protected":false},"excerpt":{"rendered":"<p>Not\u00edcias sobre a MDC Confira abaixo as principais novidades sobre a MDC e as empresas do grupo!\u00a0 \u00daltimas not\u00edcias<\/p>","protected":false},"author":2,"featured_media":0,"parent":0,"menu_order":0,"comment_status":"closed","ping_status":"closed","template":"","meta":[],"acf":[],"yoast_head":"<!-- This site is optimized with the Yoast SEO plugin v19.4 - https:\/\/yoast.com\/wordpress\/plugins\/seo\/ -->\n<title>Fique por dentro do que acontece na MDC<\/title>\n<meta name=\"description\" content=\"Saiba mais sobre nossos projetos e iniciativas em prol de um futuro mais sustent\u00e1vel!\" \/>\n<meta name=\"robots\" content=\"noindex, follow, max-snippet:-1, max-image-preview:large, max-video-preview:-1\" \/>\n<meta property=\"og:locale\" content=\"en_US\" \/>\n<meta property=\"og:type\" content=\"article\" \/>\n<meta property=\"og:title\" content=\"Fique por dentro do que acontece na MDC\" \/>\n<meta property=\"og:description\" content=\"Saiba mais sobre nossos projetos e iniciativas em prol de um futuro mais sustent\u00e1vel!\" \/>\n<meta property=\"og:url\" content=\"https:\/\/mdcenergia.siteup.dev\/en\/noticias\/\" \/>\n<meta property=\"og:site_name\" content=\"MDC - Energia - Holding\" \/>\n<meta property=\"article:modified_time\" content=\"2022-02-07T18:24:10+00:00\" \/>\n<meta name=\"twitter:card\" content=\"summary\" \/>\n<meta name=\"twitter:label1\" content=\"Est. reading time\" \/>\n\t<meta name=\"twitter:data1\" content=\"2 minutes\" \/>\n<script type=\"application\/ld+json\" class=\"yoast-schema-graph\">{\"@context\":\"https:\/\/schema.org\",\"@graph\":[{\"@type\":\"WebSite\",\"@id\":\"http:\/\/mdcenergia.siteup.dev\/#website\",\"url\":\"http:\/\/mdcenergia.siteup.dev\/\",\"name\":\"MDC - Energia - Holding\",\"description\":\"\",\"potentialAction\":[{\"@type\":\"SearchAction\",\"target\":{\"@type\":\"EntryPoint\",\"urlTemplate\":\"http:\/\/mdcenergia.siteup.dev\/?s={search_term_string}\"},\"query-input\":\"required name=search_term_string\"}],\"inLanguage\":\"en-US\"},{\"@type\":\"WebPage\",\"@id\":\"https:\/\/mdcenergia.siteup.dev\/noticias\/\",\"url\":\"https:\/\/mdcenergia.siteup.dev\/noticias\/\",\"name\":\"Fique por dentro do que acontece na MDC\",\"isPartOf\":{\"@id\":\"http:\/\/mdcenergia.siteup.dev\/#website\"},\"datePublished\":\"2022-01-12T21:15:37+00:00\",\"dateModified\":\"2022-02-07T18:24:10+00:00\",\"description\":\"Saiba mais sobre nossos projetos e iniciativas em prol de um futuro mais sustent\u00e1vel!\",\"breadcrumb\":{\"@id\":\"https:\/\/mdcenergia.siteup.dev\/noticias\/#breadcrumb\"},\"inLanguage\":\"en-US\",\"potentialAction\":[{\"@type\":\"ReadAction\",\"target\":[\"https:\/\/mdcenergia.siteup.dev\/noticias\/\"]}]},{\"@type\":\"BreadcrumbList\",\"@id\":\"https:\/\/mdcenergia.siteup.dev\/noticias\/#breadcrumb\",\"itemListElement\":[{\"@type\":\"ListItem\",\"position\":1,\"name\":\"In\u00edcio\",\"item\":\"http:\/\/mdcenergia.siteup.dev\/\"},{\"@type\":\"ListItem\",\"position\":2,\"name\":\"Not\u00edcias\"}]}]}<\/script>\n<!-- \/ Yoast SEO plugin. -->","yoast_head_json":{"title":"Fique por dentro do que acontece na MDC","description":"Saiba mais sobre nossos projetos e iniciativas em prol de um futuro mais sustent\u00e1vel!","robots":{"index":"noindex","follow":"follow","max-snippet":"max-snippet:-1","max-image-preview":"max-image-preview:large","max-video-preview":"max-video-preview:-1"},"og_locale":"en_US","og_type":"article","og_title":"Fique por dentro do que acontece na MDC","og_description":"Saiba mais sobre nossos projetos e iniciativas em prol de um futuro mais sustent\u00e1vel!","og_url":"https:\/\/mdcenergia.siteup.dev\/en\/noticias\/","og_site_name":"MDC - Energia - Holding","article_modified_time":"2022-02-07T18:24:10+00:00","twitter_card":"summary","twitter_misc":{"Est. reading time":"2 minutes"},"schema":{"@context":"https:\/\/schema.org","@graph":[{"@type":"WebSite","@id":"http:\/\/mdcenergia.siteup.dev\/#website","url":"http:\/\/mdcenergia.siteup.dev\/","name":"MDC - Energia - Holding","description":"","potentialAction":[{"@type":"SearchAction","target":{"@type":"EntryPoint","urlTemplate":"http:\/\/mdcenergia.siteup.dev\/?s={search_term_string}"},"query-input":"required name=search_term_string"}],"inLanguage":"en-US"},{"@type":"WebPage","@id":"https:\/\/mdcenergia.siteup.dev\/noticias\/","url":"https:\/\/mdcenergia.siteup.dev\/noticias\/","name":"Fique por dentro do que acontece na MDC","isPartOf":{"@id":"http:\/\/mdcenergia.siteup.dev\/#website"},"datePublished":"2022-01-12T21:15:37+00:00","dateModified":"2022-02-07T18:24:10+00:00","description":"Saiba mais sobre nossos projetos e iniciativas em prol de um futuro mais sustent\u00e1vel!","breadcrumb":{"@id":"https:\/\/mdcenergia.siteup.dev\/noticias\/#breadcrumb"},"inLanguage":"en-US","potentialAction":[{"@type":"ReadAction","target":["https:\/\/mdcenergia.siteup.dev\/noticias\/"]}]},{"@type":"BreadcrumbList","@id":"https:\/\/mdcenergia.siteup.dev\/noticias\/#breadcrumb","itemListElement":[{"@type":"ListItem","position":1,"name":"In\u00edcio","item":"http:\/\/mdcenergia.siteup.dev\/"},{"@type":"ListItem","position":2,"name":"Not\u00edcias"}]}]}},"_links":{"self":[{"href":"https:\/\/mdcenergia.siteup.dev\/en\/wp-json\/wp\/v2\/pages\/838"}],"collection":[{"href":"https:\/\/mdcenergia.siteup.dev\/en\/wp-json\/wp\/v2\/pages"}],"about":[{"href":"https:\/\/mdcenergia.siteup.dev\/en\/wp-json\/wp\/v2\/types\/page"}],"author":[{"embeddable":true,"href":"https:\/\/mdcenergia.siteup.dev\/en\/wp-json\/wp\/v2\/users\/2"}],"replies":[{"embeddable":true,"href":"https:\/\/mdcenergia.siteup.dev\/en\/wp-json\/wp\/v2\/comments?post=838"}],"version-history":[{"count":3,"href":"https:\/\/mdcenergia.siteup.dev\/en\/wp-json\/wp\/v2\/pages\/838\/revisions"}],"predecessor-version":[{"id":1819,"href":"https:\/\/mdcenergia.siteup.dev\/en\/wp-json\/wp\/v2\/pages\/838\/revisions\/1819"}],"wp:attachment":[{"href":"https:\/\/mdcenergia.siteup.dev\/en\/wp-json\/wp\/v2\/media?parent=838"}],"curies":[{"name":"wp","href":"https:\/\/api.w.org\/{rel}","templated":true}]}}