{"id":1883,"date":"2022-02-09T11:39:35","date_gmt":"2022-02-09T14:39:35","guid":{"rendered":"https:\/\/mdcenergia.siteup.dev\/?page_id=1883"},"modified":"2022-02-11T17:17:10","modified_gmt":"2022-02-11T20:17:10","slug":"politica-de-privacidade","status":"publish","type":"page","link":"https:\/\/mdcenergia.siteup.dev\/en\/politica-de-privacidade\/","title":{"rendered":"Pol\u00edtica de privacidade"},"content":{"rendered":"<div data-elementor-type=\"wp-page\" data-elementor-id=\"1883\" class=\"elementor elementor-1883\">\n\t\t\t\t\t\t<div class=\"elementor-inner\">\n\t\t\t\t<div class=\"elementor-section-wrap\">\n\t\t\t\t\t\t\t\t\t<section class=\"has_ae_slider elementor-section elementor-top-section elementor-element elementor-element-c781cf1 elementor-section-boxed elementor-section-height-default elementor-section-height-default ae-bg-gallery-type-default\" data-id=\"c781cf1\" data-element_type=\"section\" data-settings=\"{&quot;jet_parallax_layout_list&quot;:[]}\">\n\t\t\t\t\t\t<div class=\"elementor-container elementor-column-gap-default\">\n\t\t\t\t\t\t\t<div class=\"elementor-row\">\n\t\t\t\t\t<div class=\"has_ae_slider elementor-column elementor-col-100 elementor-top-column elementor-element elementor-element-762b6aa ae-bg-gallery-type-default\" data-id=\"762b6aa\" data-element_type=\"column\">\n\t\t\t<div class=\"elementor-column-wrap elementor-element-populated\">\n\t\t\t\t\t\t\t<div class=\"elementor-widget-wrap\">\n\t\t\t\t\t\t<div class=\"elementor-element elementor-element-bc75ca8 elementor-widget elementor-widget-heading\" data-id=\"bc75ca8\" data-element_type=\"widget\" data-widget_type=\"heading.default\">\n\t\t\t\t<div class=\"elementor-widget-container\">\n\t\t\t<h1 class=\"elementor-heading-title elementor-size-default\">Pol\u00edtica de Privacidade<\/h1>\t\t<\/div>\n\t\t\t\t<\/div>\n\t\t\t\t<div class=\"elementor-element elementor-element-b286fd6 elementor-widget__width-initial elementor-widget elementor-widget-text-editor\" data-id=\"b286fd6\" data-element_type=\"widget\" data-widget_type=\"text-editor.default\">\n\t\t\t\t<div class=\"elementor-widget-container\">\n\t\t\t\t\t\t\t\t<div class=\"elementor-text-editor elementor-clearfix\">\n\t\t\t\t<p>Esta Pol\u00edtica de Privacidade informa sobre os dados e informa\u00e7\u00f5es que coletamos de voc\u00ea quando utiliza nosso site. Ao coletar esses dados e informa\u00e7\u00f5es, estamos agindo como um controlador de dados e, em virtude de determina\u00e7\u00e3o legal, informamos a voc\u00ea sobre quem somos, sobre porqu\u00ea e como usamos seus dados e sobre os direitos que voc\u00ea tem em rela\u00e7\u00e3o aos mesmos.<\/p><p><strong><br \/>Quem somos?<\/strong><\/p><p>A MDC \u00e9 um grupo focado em energia sustent\u00e1vel e fundado em 2006, oferecendo solu\u00e7\u00f5es aos seus clientes por meio de projetos de baixo carbono. Com atua\u00e7\u00e3o em 13 estados brasileiros, a Companhia investe em ativos energ\u00e9ticos com presen\u00e7a em toda a cadeia de g\u00e1s natural, biometano, energia el\u00e9trica renov\u00e1vel e vapor atrav\u00e9s de biomassa.<\/p><p>Atuamos atrav\u00e9s de tr\u00eas subsidi\u00e1rias: CDGN, Ecometano e ERB (Energias Renov\u00e1veis do Brasil). Nossa sede est\u00e1 localizada na Avenida Tancredo Neves, 217, Ed. Salvador Trade Center, Torre Sul, Salvador (BA).<\/p><p>Voc\u00ea pode nos contatar por correio no endere\u00e7o acima ou enviando um e-mail para comunicacao@mdcenergia.com.br.<\/p><p><strong><br \/>Como usamos seus Dados<\/strong><\/p><p>Quando voc\u00ea utiliza nosso site;<br \/>Quando voc\u00ea envia uma resposta por meio do nosso site;<br \/>Outros tipos de transa\u00e7\u00f5es por meio do nosso site;<br \/>Seus direitos como titular de dados;<br \/>Quando voc\u00ea exerce seu direito de reclamar; e<br \/>Atualiza\u00e7\u00f5es para esta pol\u00edtica de privacidade;<\/p><p><strong>Quando voc\u00ea utiliza nosso site<\/strong><\/p><p>Quando voc\u00ea utiliza nosso site para navegar em nossos produtos e servi\u00e7os e visualiza as informa\u00e7\u00f5es que disponibilizamos, v\u00e1rios \u201ccookies\u201d s\u00e3o usados por n\u00f3s e por terceiros para permitir que o site funcione, coletar informa\u00e7\u00f5es \u00fateis sobre os visitantes, ajuda a tornar sua experi\u00eancia de usu\u00e1rio melhor.<\/p><p>Alguns dos \u201ccookies\u201d que usamos s\u00e3o estritamente necess\u00e1rios para o funcionamento do nosso site, para os quais n\u00e3o solicitamos seu consentimento para coloc\u00e1-los no seu computador.<\/p><p><strong>Cookies que definimos<\/strong><\/p><p><strong>Cookies relacionados a boletins por e-mail<\/strong><\/p><p>Este site pode oferecer servi\u00e7os de assinatura de boletim informativo ou e-mail e os cookies podem ser usados para lembrar se voc\u00ea j\u00e1 est\u00e1 registrado e se deve mostrar determinadas notifica\u00e7\u00f5es v\u00e1lidas apenas para usu\u00e1rios inscritos\/n\u00e3o inscritos.<\/p><p><strong>Cookies relacionados a pesquisas<\/strong><\/p><p>Periodicamente, oferecemos pesquisas e question\u00e1rios para fornecer informa\u00e7\u00f5es interessantes, ferramentas \u00fateis ou para entender nossa base de usu\u00e1rios com mais precis\u00e3o. Essas pesquisas podem usar cookies para lembrar quem j\u00e1 participou em uma pesquisa ou para fornecer resultados precisos ap\u00f3s a altera\u00e7\u00e3o das p\u00e1ginas.<\/p><p><strong>Cookies relacionados a formul\u00e1rios<\/strong><\/p><p>Quando voc\u00ea envia dados por meio de um formul\u00e1rio como os encontrados nas p\u00e1ginas de contato ou nos formul\u00e1rios de coment\u00e1rios, os cookies podem ser configurados para lembrar os detalhes do usu\u00e1rio para correspond\u00eancia futura.<\/p><p><strong>Cookies de prefer\u00eancias do site<\/strong><\/p><p>Para proporcionar uma \u00f3tima experi\u00eancia neste site, fornecemos a funcionalidade para definir suas prefer\u00eancias de como esse site \u00e9 executado quando voc\u00ea o usa. Para lembrar suas prefer\u00eancias, precisamos definir cookies para que essas informa\u00e7\u00f5es possam ser chamadas sempre que voc\u00ea interagir com uma p\u00e1gina que for afetada por suas prefer\u00eancias.<\/p><p><strong>Cookies de Terceiros<\/strong><\/p><p>Em alguns casos especiais, tamb\u00e9m usamos cookies fornecidos por terceiros confi\u00e1veis. A se\u00e7\u00e3o a seguir detalha quais cookies de terceiros voc\u00ea pode encontrar atrav\u00e9s deste site.<\/p><p>Este site usa o Google Analytics, que \u00e9 uma das solu\u00e7\u00f5es de an\u00e1lise mais difundidas e confi\u00e1veis da web, para nos ajudar a entender como voc\u00ea usa o site e como podemos melhorar sua experi\u00eancia. Esses cookies podem rastrear itens como quanto tempo voc\u00ea gasta no site e as p\u00e1ginas visitadas, para que possamos continuar produzindo conte\u00fado atraente. Para mais informa\u00e7\u00f5es sobre cookies do Google Analytics, consulte a p\u00e1gina oficial do servi\u00e7o.<\/p><p>As an\u00e1lises de terceiros s\u00e3o usadas para rastrear e medir o uso deste site, para que possamos continuar produzindo conte\u00fado atrativo. Esses cookies podem rastrear itens como o tempo que voc\u00ea passa no site ou as p\u00e1ginas visitadas, o que nos ajuda a entender como podemos melhorar o site para voc\u00ea.<\/p><p>Periodicamente, testamos novos recursos e fazemos altera\u00e7\u00f5es sutis na maneira como o site se apresenta. Quando ainda estamos testando novos recursos, esses cookies podem ser usados para garantir que voc\u00ea receba uma experi\u00eancia consistente enquanto estiver no site, enquanto entendemos quais otimiza\u00e7\u00f5es os nossos usu\u00e1rios mais apreciam.<\/p><p><strong>Quais os direitos dos titulares de dados?<\/strong><\/p><p>Em virtude de lei, voc\u00ea pode nos perguntar quais s\u00e3o os dados que temos sobre voc\u00ea e pode nos pedir para corrigi-los se eles forem imprecisos. Se seu consentimento \u00e9 solicitado para processar seus dados pessoais, voc\u00ea poder\u00e1 retir\u00e1-lo a qualquer momento.<\/p><p>Se estivermos processando seus dados pessoais por motivos de consentimento ou para cumprir um contrato, voc\u00ea pode nos solicitar uma c\u00f3pia das informa\u00e7\u00f5es em um formato leg\u00edvel para que voc\u00ea possa transferi-las para outro provedor.<\/p><p>Se estivermos processando seus dados pessoais por motivos de consentimento ou interesse leg\u00edtimo, voc\u00ea poder\u00e1 solicitar que seus dados sejam apagados.<\/p><p>Voc\u00ea tem o direito de nos pedir que interrompamos o uso de seus dados por um per\u00edodo de tempo, se acreditar que n\u00e3o estamos fazendo isso legalmente.<\/p><p>Finalmente, em algumas circunst\u00e2ncias, voc\u00ea pode nos pedir para n\u00e3o tomar decis\u00f5es, que afetem voc\u00ea, usando o processamento automatizado ou o perfil.<\/p><p>Para enviar uma solicita\u00e7\u00e3o sobre seus dados pessoais por e-mail, correio ou telefone, use as informa\u00e7\u00f5es de contato fornecidas acima na se\u00e7\u00e3o Quem Somos desta pol\u00edtica.<\/p><p><strong>Quando voc\u00ea envia uma resposta atrav\u00e9s do nosso site<\/strong><\/p><p><strong>Quando voc\u00ea envia uma consulta\/resposta atrav\u00e9s do nosso site, solicitamos apenas seu nome e e-mail.\u00a0<\/strong><\/p><p>Usamos esses dados para responder \u00e0 sua consulta, incluindo o fornecimento de informa\u00e7\u00f5es solicitadas sobre nossos produtos e servi\u00e7os.<\/p><p>Tamb\u00e9m podemos lhe enviar e-mail v\u00e1rias vezes ap\u00f3s a sua consulta, a fim de dar seguimento ao seu interesse e garantir que o tenhamos respondido de maneira satisfat\u00f3ria. Faremos isso com base em nosso interesse leg\u00edtimo em fornecer informa\u00e7\u00f5es precisas antes de uma aproxima\u00e7\u00e3o comercial.<\/p><p>Apenas retemos as informa\u00e7\u00f5es coletadas pelo tempo necess\u00e1rio para fornecer o servi\u00e7o solicitado. Quando armazenamos dados, protegemos dentro de meios comercialmente aceit\u00e1veis pela legisla\u00e7\u00e3o atual para evitar perdas e roubos, bem como acesso, divulga\u00e7\u00e3o, c\u00f3pia, uso ou modifica\u00e7\u00e3o n\u00e3o autorizados.<\/p><p>N\u00e3o compartilhamos informa\u00e7\u00f5es de identifica\u00e7\u00e3o pessoal publicamente ou com terceiros, exceto por determina\u00e7\u00e3o judicial.<\/p><p>N\u00f3s n\u00e3o usamos os dados que voc\u00ea fornece para fazer quaisquer decis\u00f5es automatizadas que possam afetar voc\u00ea.<\/p><p>Mantemos o seu e-mail de consulta por dois anos, ap\u00f3s os quais s\u00e3o arquivados e mantidos em seguran\u00e7a por sete anos, quando os exclu\u00edmos. Registros de CRM s\u00e3o mantidos por tr\u00eas anos ap\u00f3s o \u00faltimo contato com voc\u00ea.<\/p><p><strong>O seu direito de reclamar<\/strong><\/p><p>Se voc\u00ea tiver uma reclama\u00e7\u00e3o sobre o uso de seus dados, preferimos que voc\u00ea entre em contato diretamente conosco para que possamos encaminhar sua reclama\u00e7\u00e3o.<\/p><p><strong>Atualiza\u00e7\u00f5es para esta pol\u00edtica de privacidade<\/strong><\/p><p>Revisamos regularmente e, se apropriado, atualizamos esta pol\u00edtica de privacidade de tempos em tempos, e conforme nossos servi\u00e7os e uso de dados pessoais evoluem. Se quisermos usar seus Dados pessoais de uma forma que n\u00e3o identificamos anteriormente, entraremos em contato para fornecer informa\u00e7\u00f5es sobre isso e, se necess\u00e1rio, solicitar o seu consentimento.<\/p><p>Atualizaremos o n\u00famero da vers\u00e3o e a data deste documento toda vez que ele for alterado.\u00b9<\/p><p>\u2013 01\/12\/2021-<\/p><p>\u00b9\u201cO Grupo MDC, ao qual o conte\u00fado deste documento se destina, se compromete a criar uma cultura de prote\u00e7\u00e3o e a observar o tratamento de dados pessoais de seus colaboradores, p\u00fablicos internos e quaisquer terceiros com os quais se relacionem no desempenho de suas atividades de neg\u00f3cios e\/ou profissionais, sempre agindo de acordo com os princ\u00edpios e finalidade previstos na Lei Geral de Prote\u00e7\u00e3o de Dados (LGPD).<\/p><p>Agradecemos a sua compreens\u00e3o.\u201d<\/p>\t\t\t\t\t<\/div>\n\t\t\t\t\t\t<\/div>\n\t\t\t\t<\/div>\n\t\t\t\t\t\t<\/div>\n\t\t\t\t\t<\/div>\n\t\t<\/div>\n\t\t\t\t\t\t\t\t<\/div>\n\t\t\t\t\t<\/div>\n\t\t<\/section>\n\t\t\t\t\t\t\t\t\t<\/div>\n\t\t\t<\/div>\n\t\t\t\t\t<\/div>","protected":false},"excerpt":{"rendered":"<p>Pol\u00edtica de Privacidade Esta Pol\u00edtica de Privacidade informa sobre os dados e informa\u00e7\u00f5es que coletamos de voc\u00ea quando utiliza nosso site. Ao coletar esses dados e informa\u00e7\u00f5es, estamos agindo como um controlador de dados e, em virtude de determina\u00e7\u00e3o legal, informamos a voc\u00ea sobre quem somos, sobre porqu\u00ea e como usamos seus dados e sobre [&hellip;]<\/p>\n","protected":false},"author":5,"featured_media":0,"parent":0,"menu_order":0,"comment_status":"closed","ping_status":"closed","template":"elementor_header_footer","meta":[],"acf":[],"yoast_head":"<!-- This site is optimized with the Yoast SEO plugin v19.4 - https:\/\/yoast.com\/wordpress\/plugins\/seo\/ -->\n<title>Pol\u00edtica de privacidade - MDC - Energia - Holding<\/title>\n<meta name=\"robots\" content=\"noindex, follow, max-snippet:-1, max-image-preview:large, max-video-preview:-1\" \/>\n<meta property=\"og:locale\" content=\"en_US\" \/>\n<meta property=\"og:type\" content=\"article\" \/>\n<meta property=\"og:title\" content=\"Pol\u00edtica de privacidade - MDC - Energia - Holding\" \/>\n<meta property=\"og:description\" content=\"Pol\u00edtica de Privacidade Esta Pol\u00edtica de Privacidade informa sobre os dados e informa\u00e7\u00f5es que coletamos de voc\u00ea quando utiliza nosso site. Ao coletar esses dados e informa\u00e7\u00f5es, estamos agindo como um controlador de dados e, em virtude de determina\u00e7\u00e3o legal, informamos a voc\u00ea sobre quem somos, sobre porqu\u00ea e como usamos seus dados e sobre [&hellip;]\" \/>\n<meta property=\"og:url\" content=\"https:\/\/mdcenergia.siteup.dev\/en\/politica-de-privacidade\/\" \/>\n<meta property=\"og:site_name\" content=\"MDC - Energia - Holding\" \/>\n<meta property=\"article:modified_time\" content=\"2022-02-11T20:17:10+00:00\" \/>\n<meta name=\"twitter:card\" content=\"summary\" \/>\n<meta name=\"twitter:label1\" content=\"Est. reading time\" \/>\n\t<meta name=\"twitter:data1\" content=\"7 minutes\" \/>\n<script type=\"application\/ld+json\" class=\"yoast-schema-graph\">{\"@context\":\"https:\/\/schema.org\",\"@graph\":[{\"@type\":\"WebSite\",\"@id\":\"http:\/\/mdcenergia.upsites.dev\/en\/#website\",\"url\":\"http:\/\/mdcenergia.upsites.dev\/en\/\",\"name\":\"MDC - Energia - Holding\",\"description\":\"\",\"potentialAction\":[{\"@type\":\"SearchAction\",\"target\":{\"@type\":\"EntryPoint\",\"urlTemplate\":\"http:\/\/mdcenergia.upsites.dev\/en\/?s={search_term_string}\"},\"query-input\":\"required name=search_term_string\"}],\"inLanguage\":\"en-US\"},{\"@type\":\"WebPage\",\"@id\":\"https:\/\/mdcenergia.siteup.dev\/en\/politica-de-privacidade\/\",\"url\":\"https:\/\/mdcenergia.siteup.dev\/en\/politica-de-privacidade\/\",\"name\":\"Pol\u00edtica de privacidade - MDC - Energia - Holding\",\"isPartOf\":{\"@id\":\"http:\/\/mdcenergia.upsites.dev\/en\/#website\"},\"datePublished\":\"2022-02-09T14:39:35+00:00\",\"dateModified\":\"2022-02-11T20:17:10+00:00\",\"breadcrumb\":{\"@id\":\"https:\/\/mdcenergia.siteup.dev\/en\/politica-de-privacidade\/#breadcrumb\"},\"inLanguage\":\"en-US\",\"potentialAction\":[{\"@type\":\"ReadAction\",\"target\":[\"https:\/\/mdcenergia.siteup.dev\/en\/politica-de-privacidade\/\"]}]},{\"@type\":\"BreadcrumbList\",\"@id\":\"https:\/\/mdcenergia.siteup.dev\/en\/politica-de-privacidade\/#breadcrumb\",\"itemListElement\":[{\"@type\":\"ListItem\",\"position\":1,\"name\":\"In\u00edcio\",\"item\":\"http:\/\/mdcenergia.upsites.dev\/en\/\"},{\"@type\":\"ListItem\",\"position\":2,\"name\":\"Pol\u00edtica de privacidade\"}]}]}<\/script>\n<!-- \/ Yoast SEO plugin. -->","yoast_head_json":{"title":"Pol\u00edtica de privacidade - MDC - Energia - Holding","robots":{"index":"noindex","follow":"follow","max-snippet":"max-snippet:-1","max-image-preview":"max-image-preview:large","max-video-preview":"max-video-preview:-1"},"og_locale":"en_US","og_type":"article","og_title":"Pol\u00edtica de privacidade - MDC - Energia - Holding","og_description":"Pol\u00edtica de Privacidade Esta Pol\u00edtica de Privacidade informa sobre os dados e informa\u00e7\u00f5es que coletamos de voc\u00ea quando utiliza nosso site. Ao coletar esses dados e informa\u00e7\u00f5es, estamos agindo como um controlador de dados e, em virtude de determina\u00e7\u00e3o legal, informamos a voc\u00ea sobre quem somos, sobre porqu\u00ea e como usamos seus dados e sobre [&hellip;]","og_url":"https:\/\/mdcenergia.siteup.dev\/en\/politica-de-privacidade\/","og_site_name":"MDC - Energia - Holding","article_modified_time":"2022-02-11T20:17:10+00:00","twitter_card":"summary","twitter_misc":{"Est. reading time":"7 minutes"},"schema":{"@context":"https:\/\/schema.org","@graph":[{"@type":"WebSite","@id":"http:\/\/mdcenergia.upsites.dev\/en\/#website","url":"http:\/\/mdcenergia.upsites.dev\/en\/","name":"MDC - Energia - Holding","description":"","potentialAction":[{"@type":"SearchAction","target":{"@type":"EntryPoint","urlTemplate":"http:\/\/mdcenergia.upsites.dev\/en\/?s={search_term_string}"},"query-input":"required name=search_term_string"}],"inLanguage":"en-US"},{"@type":"WebPage","@id":"https:\/\/mdcenergia.siteup.dev\/en\/politica-de-privacidade\/","url":"https:\/\/mdcenergia.siteup.dev\/en\/politica-de-privacidade\/","name":"Pol\u00edtica de privacidade - MDC - Energia - Holding","isPartOf":{"@id":"http:\/\/mdcenergia.upsites.dev\/en\/#website"},"datePublished":"2022-02-09T14:39:35+00:00","dateModified":"2022-02-11T20:17:10+00:00","breadcrumb":{"@id":"https:\/\/mdcenergia.siteup.dev\/en\/politica-de-privacidade\/#breadcrumb"},"inLanguage":"en-US","potentialAction":[{"@type":"ReadAction","target":["https:\/\/mdcenergia.siteup.dev\/en\/politica-de-privacidade\/"]}]},{"@type":"BreadcrumbList","@id":"https:\/\/mdcenergia.siteup.dev\/en\/politica-de-privacidade\/#breadcrumb","itemListElement":[{"@type":"ListItem","position":1,"name":"In\u00edcio","item":"http:\/\/mdcenergia.upsites.dev\/en\/"},{"@type":"ListItem","position":2,"name":"Pol\u00edtica de privacidade"}]}]}},"_links":{"self":[{"href":"https:\/\/mdcenergia.siteup.dev\/en\/wp-json\/wp\/v2\/pages\/1883"}],"collection":[{"href":"https:\/\/mdcenergia.siteup.dev\/en\/wp-json\/wp\/v2\/pages"}],"about":[{"href":"https:\/\/mdcenergia.siteup.dev\/en\/wp-json\/wp\/v2\/types\/page"}],"author":[{"embeddable":true,"href":"https:\/\/mdcenergia.siteup.dev\/en\/wp-json\/wp\/v2\/users\/5"}],"replies":[{"embeddable":true,"href":"https:\/\/mdcenergia.siteup.dev\/en\/wp-json\/wp\/v2\/comments?post=1883"}],"version-history":[{"count":3,"href":"https:\/\/mdcenergia.siteup.dev\/en\/wp-json\/wp\/v2\/pages\/1883\/revisions"}],"predecessor-version":[{"id":1996,"href":"https:\/\/mdcenergia.siteup.dev\/en\/wp-json\/wp\/v2\/pages\/1883\/revisions\/1996"}],"wp:attachment":[{"href":"https:\/\/mdcenergia.siteup.dev\/en\/wp-json\/wp\/v2\/media?parent=1883"}],"curies":[{"name":"wp","href":"https:\/\/api.w.org\/{rel}","templated":true}]}}